{"id":932,"date":"2025-09-03T09:46:14","date_gmt":"2025-09-03T14:46:14","guid":{"rendered":"http:\/\/demo.dithemes.com\/di-blog\/?page_id=932"},"modified":"2025-10-31T14:12:19","modified_gmt":"2025-10-31T19:12:19","slug":"refund_returns-2","status":"publish","type":"page","link":"https:\/\/thequietgem.ca\/?page_id=932","title":{"rendered":"Refund and Return Policy\/Politique de remboursement et de retour"},"content":{"rendered":"\r\n<p>&nbsp;<\/p>\r\n\r\n\r\n\r\n<p><strong><em><mark class=\"has-inline-color has-vivid-purple-color\" style=\"background-color: rgba(0, 0, 0, 0);\">ENGLISH<\/mark><\/em><\/strong><\/p>\r\n\r\n<h2><strong>Overview<\/strong><\/h2>\r\n<p><em>Newly Designed jewelry<\/em> is <em><strong>returnable.<\/strong><\/em><\/p>\r\n<p>All <strong><em>pre-loved <\/em><\/strong>and <strong><em>vintage jewelry<\/em><\/strong> items on our site are discounted and as such are <strong><em>non-<\/em><\/strong><em><strong>returnable<\/strong><\/em>.<\/p>\r\n<p>Our refund and return policy lasts 30 days. If 30 days have passed since your purchase, we can\u2019t offer you a full refund or exchange.<\/p>\r\n<p>To be eligible for a return, your item must be unused and in the same condition that you received it. It must also be in the original packaging.<\/p>\r\n<p>To complete your return, we require a receipt or proof of purchase.<\/p>\r\n<h3><strong>Refunds<\/strong><\/h3>\r\n<p>Once your return is received and inspected, we will send you an email to notify you that we have received your returned item. We will also notify you of the approval or rejection of your refund.<\/p>\r\n<p>If you are approved, then your refund will be processed, and a credit will automatically be applied to your credit card or original method of payment, within 7 days.<\/p>\r\n<h3><strong>Late or missing refunds<\/strong><\/h3>\r\n<p>If you haven\u2019t received a refund yet, first check your bank account again.<\/p>\r\n<p>Then contact your credit card company, it may take some time before your refund is officially posted.<\/p>\r\n<p>Next contact your bank. There is often some processing time before a refund is posted.<\/p>\r\n<p>If you\u2019ve done all of this and you still have not received your refund yet, please contact us at <strong><em>thequietgem.ca@outlook.com<\/em><\/strong>.<\/p>\r\n<h3><strong>Sale items<\/strong><\/h3>\r\n<p>Only regular priced items may be refunded. Sale items cannot be refunded.<\/p>\r\n<h3><strong>Replacements\/Exchanges<\/strong><\/h3>\r\n<p>We only replace\/exchange Newly Designed pieces if they are defective or damaged. They are lovingly designed with quality supplies; however, there is always a possibility that a piece is flawed in some way. Please notify us of the details of the flawed item by email &amp; include a close-up picture of the flawed area of the piece to <strong><em>thequietgem.ca@outlook.com. <\/em><\/strong>We will contact you we by return email with the process going forward. You can then send your item to: <strong><em>The Quiet Gem, PO Box 98, Manitou, MB\u00a0 R0G 1G0<\/em><\/strong>. We will ship you a replacement at no cost to you.<\/p>\r\n<h3><strong>Gifts<\/strong><\/h3>\r\n<p>If the item was marked as a gift when purchased and shipped directly to you, you\u2019ll receive a gift credit for the value of your return. Once the returned item is received, a gift certificate will be mailed to you.<\/p>\r\n<p>If the item wasn\u2019t marked as a gift when purchased, or the gift giver had the order shipped to themselves to give to you later, we will send a refund to the gift giver and they will find out about your return.<\/p>\r\n<h3><strong>Shipping returns<\/strong><\/h3>\r\n<p>To return your product, you should mail your product to: <strong><em>The Quiet Gem, PO Box 98, Manitou, MB\u00a0 R0G 1G0<\/em><\/strong>.<\/p>\r\n<p>You will be responsible for paying for your own shipping costs for returning your item. Shipping costs are non-refundable. If you receive a refund, the cost of return shipping will be deducted from your refund.<\/p>\r\n<p>Depending on where you live, the time it may take for your exchanged product to reach you may vary.<\/p>\r\n<p>If you are returning more expensive items, you may consider using a trackable shipping service or purchasing shipping insurance. We don\u2019t guarantee that we will receive your returned item.<\/p>\r\n<h3><strong>Need help?<\/strong><\/h3>\r\n<p>Contact us at <strong><em>thequietgem.ca@outlook.com<\/em><\/strong> for questions related to refunds and returns.<\/p>\r\n<hr \/>\r\n<p><strong><em><mark class=\"has-inline-color has-vivid-purple-color\" style=\"background-color: #ffffff;\">FRENCH<\/mark><\/em><\/strong><\/p>\r\n\r\n\r\n\r\n<h3 class=\"wp-block-heading\"><strong>Vue d&#8217;ensemble<\/strong><\/h3>\r\n\r\n\r\n\r\n<p>Notre politique de remboursement et de retour dure 30 jours. Si 30 jours se sont \u00e9coul\u00e9s depuis votre achat, nous ne pouvons pas vous offrir un remboursement complet ou un \u00e9change.<\/p>\r\n\r\n\r\n\r\n<p>Pour pouvoir \u00eatre retourn\u00e9, votre article doit \u00eatre inutilis\u00e9 et dans le m\u00eame \u00e9tat que celui dans lequel vous l&#8217;avez re\u00e7u. Il doit \u00e9galement se trouver dans son emballage d&#8217;origine.<\/p>\r\n\r\n\r\n\r\n<p>Pour effectuer votre retour, nous avons besoin d&#8217;un re\u00e7u ou d&#8217;une preuve d&#8217;achat.<\/p>\r\n\r\n\r\n\r\n<h3 class=\"wp-block-heading\"><strong>Remboursement<\/strong><\/h3>\r\n\r\n\r\n\r\n<p>Une fois votre retour re\u00e7u et inspect\u00e9, nous vous enverrons un courrier \u00e9lectronique pour vous informer que nous avons re\u00e7u votre article retourn\u00e9. Nous vous informerons \u00e9galement de l&#8217;approbation ou du refus de votre remboursement.<\/p>\r\n\r\n\r\n\r\n<p>Si votre demande est accept\u00e9e, votre remboursement sera trait\u00e9 et un cr\u00e9dit sera automatiquement appliqu\u00e9 \u00e0 votre carte de cr\u00e9dit ou \u00e0 votre mode de paiement d&#8217;origine, dans un d\u00e9lai de quelques jours.<\/p>\r\n\r\n\r\n\r\n<h3 class=\"wp-block-heading\"><strong>Remboursements tardifs ou manquants<\/strong><\/h3>\r\n\r\n\r\n\r\n<p>Si vous n&#8217;avez pas encore re\u00e7u de remboursement, v\u00e9rifiez d&#8217;abord votre compte bancaire.<\/p>\r\n\r\n\r\n\r\n<p>Contactez ensuite la soci\u00e9t\u00e9 \u00e9mettrice de votre carte de cr\u00e9dit, car il peut s&#8217;\u00e9couler un certain temps avant que votre remboursement ne soit officiellement comptabilis\u00e9.<\/p>\r\n\r\n\r\n\r\n<p>Contactez ensuite votre banque. Il y a souvent un d\u00e9lai de traitement avant que le remboursement ne soit comptabilis\u00e9.<\/p>\r\n\r\n\r\n\r\n<p>Si vous avez fait tout cela et que vous n&#8217;avez toujours pas re\u00e7u votre remboursement, veuillez nous contacter \u00e0 l&#8217;adresse <strong><em>thequietgem.ca@outlook.com<\/em><\/strong>.<\/p>\r\n\r\n\r\n\r\n<h3 class=\"wp-block-heading\"><strong>Articles sold\u00e9s<\/strong><\/h3>\r\n\r\n\r\n\r\n<p>Seuls les articles \u00e0 prix normal peuvent \u00eatre rembours\u00e9s. Les articles sold\u00e9s ne peuvent pas \u00eatre rembours\u00e9s.<\/p>\r\n\r\n\r\n\r\n<h3 class=\"wp-block-heading\"><strong>\u00c9change<\/strong><\/h3>\r\n\r\n\r\n\r\n<p>Nous ne rempla\u00e7ons les articles que s&#8217;ils sont d\u00e9fectueux ou endommag\u00e9s. Si vous souhaitez l&#8217;\u00e9changer contre le m\u00eame article, envoyez-nous un courriel \u00e0 <strong><em>thequietgem.ca@outlook.com<\/em><\/strong> et envoyez votre article \u00e0 : <strong><em>The Quiet Gem, PO Box 98, Manitou, MB R0G 1G0<\/em><\/strong>.<\/p>\r\n\r\n\r\n\r\n<h3 class=\"wp-block-heading\"><strong>Cadeaux<\/strong><\/h3>\r\n\r\n\r\n\r\n<p>Si l&#8217;article a \u00e9t\u00e9 marqu\u00e9 comme cadeau lors de l&#8217;achat et exp\u00e9di\u00e9 directement \u00e0 votre domicile, vous recevrez un cr\u00e9dit cadeau correspondant \u00e0 la valeur de votre retour. D\u00e8s r\u00e9ception de l&#8217;article retourn\u00e9, un ch\u00e8que-cadeau vous sera envoy\u00e9 par courrier.<\/p>\r\n\r\n\r\n\r\n<p>Si l&#8217;article n&#8217;\u00e9tait pas indiqu\u00e9 comme cadeau au moment de l&#8217;achat, ou si le destinataire du cadeau s&#8217;est fait exp\u00e9dier la commande pour vous l&#8217;offrir plus tard, nous enverrons un remboursement au destinataire du cadeau, qui sera inform\u00e9 de votre retour.<\/p>\r\n\r\n\r\n\r\n<h3 class=\"wp-block-heading\"><strong>Exp\u00e9dition des retours<\/strong><\/h3>\r\n\r\n\r\n\r\n<p>Pour retourner votre produit, vous devez l&#8217;envoyer par la poste \u00e0 l&#8217;adresse suivante <strong><em>The Quiet Gem, PO Box 98, Manitou, MB R0G 1G0.<\/em><\/strong><\/p>\r\n\r\n\r\n\r\n<p>Il vous incombe de payer les frais d&#8217;exp\u00e9dition pour le retour de votre article. Les frais d&#8217;exp\u00e9dition ne sont pas remboursables. Si vous recevez un remboursement, les frais de retour seront d\u00e9duits de votre remboursement.<\/p>\r\n\r\n\r\n\r\n<p>Le d\u00e9lai d&#8217;acheminement du produit \u00e9chang\u00e9 peut varier en fonction de votre lieu de r\u00e9sidence.<\/p>\r\n\r\n\r\n\r\n<p>Si vous retournez des articles plus co\u00fbteux, vous pouvez envisager d&#8217;utiliser un service d&#8217;exp\u00e9dition avec suivi ou de souscrire une assurance d&#8217;exp\u00e9dition. Nous ne garantissons pas que nous recevrons votre article retourn\u00e9.<\/p>\r\n\r\n\r\n\r\n<h3 class=\"wp-block-heading\"><strong>Besoin d&#8217;aide ?<\/strong><\/h3>\r\n\r\n\r\n\r\n<p>Contactez-nous \u00e0 l&#8217;adresse <strong><em>thequietgem.ca@outlook.com<\/em><\/strong> pour toute question relative aux remboursements et aux retours.<\/p>\r\n","protected":false},"excerpt":{"rendered":"<p>&nbsp; ENGLISH Overview Newly Designed jewelry is returnable. All pre-loved and vintage jewelry items on our site are discounted and as such are non-returnable. Our refund and return policy lasts 30 days. If 30 days have passed since your purchase, <a href=\"https:\/\/thequietgem.ca\/?page_id=932\"> Read more&#8230;<\/a><\/p>\n","protected":false},"author":1,"featured_media":0,"parent":0,"menu_order":0,"comment_status":"closed","ping_status":"closed","template":"","meta":{"footnotes":""},"class_list":["post-932","page","type-page","status-publish","hentry"],"yoast_head":"<!-- This site is optimized with the Yoast SEO plugin v27.4 - https:\/\/yoast.com\/product\/yoast-seo-wordpress\/ -->\n<title>Refund and Return Policy\/Politique de remboursement et de retour - The Quiet Gem - Jewelry<\/title>\n<meta name=\"robots\" content=\"index, follow, max-snippet:-1, max-image-preview:large, max-video-preview:-1\" \/>\n<link rel=\"canonical\" href=\"https:\/\/thequietgem.ca\/?page_id=932\" \/>\n<meta property=\"og:locale\" content=\"en_US\" \/>\n<meta property=\"og:type\" content=\"article\" \/>\n<meta property=\"og:title\" content=\"Refund and Return Policy\/Politique de remboursement et de retour - The Quiet Gem - Jewelry\" \/>\n<meta property=\"og:description\" content=\"&nbsp; ENGLISH Overview Newly Designed jewelry is returnable. All pre-loved and vintage jewelry items on our site are discounted and as such are non-returnable. Our refund and return policy lasts 30 days. If 30 days have passed since your purchase, Read more&#8230;\" \/>\n<meta property=\"og:url\" content=\"https:\/\/thequietgem.ca\/?page_id=932\" \/>\n<meta property=\"og:site_name\" content=\"The Quiet Gem - Jewelry\" \/>\n<meta property=\"article:modified_time\" content=\"2025-10-31T19:12:19+00:00\" \/>\n<meta name=\"twitter:card\" content=\"summary_large_image\" \/>\n<meta name=\"twitter:label1\" content=\"Est. reading time\" \/>\n\t<meta name=\"twitter:data1\" content=\"5 minutes\" \/>\n<script type=\"application\/ld+json\" class=\"yoast-schema-graph\">{\"@context\":\"https:\\\/\\\/schema.org\",\"@graph\":[{\"@type\":\"WebPage\",\"@id\":\"https:\\\/\\\/thequietgem.ca\\\/?page_id=932\",\"url\":\"https:\\\/\\\/thequietgem.ca\\\/?page_id=932\",\"name\":\"Refund and Return Policy\\\/Politique de remboursement et de retour - The Quiet Gem - Jewelry\",\"isPartOf\":{\"@id\":\"https:\\\/\\\/thequietgem.ca\\\/#website\"},\"datePublished\":\"2025-09-03T14:46:14+00:00\",\"dateModified\":\"2025-10-31T19:12:19+00:00\",\"breadcrumb\":{\"@id\":\"https:\\\/\\\/thequietgem.ca\\\/?page_id=932#breadcrumb\"},\"inLanguage\":\"en-CA\",\"potentialAction\":[{\"@type\":\"ReadAction\",\"target\":[\"https:\\\/\\\/thequietgem.ca\\\/?page_id=932\"]}]},{\"@type\":\"BreadcrumbList\",\"@id\":\"https:\\\/\\\/thequietgem.ca\\\/?page_id=932#breadcrumb\",\"itemListElement\":[{\"@type\":\"ListItem\",\"position\":1,\"name\":\"Home\",\"item\":\"https:\\\/\\\/thequietgem.ca\\\/\"},{\"@type\":\"ListItem\",\"position\":2,\"name\":\"Refund and Return Policy\\\/Politique de remboursement et de retour\"}]},{\"@type\":\"WebSite\",\"@id\":\"https:\\\/\\\/thequietgem.ca\\\/#website\",\"url\":\"https:\\\/\\\/thequietgem.ca\\\/\",\"name\":\"The Quiet Gem\",\"description\":\"Vintage, used and handmade jewelry\",\"publisher\":{\"@id\":\"https:\\\/\\\/thequietgem.ca\\\/#organization\"},\"alternateName\":\"Nemeste Jewelry\",\"potentialAction\":[{\"@type\":\"SearchAction\",\"target\":{\"@type\":\"EntryPoint\",\"urlTemplate\":\"https:\\\/\\\/thequietgem.ca\\\/?s={search_term_string}\"},\"query-input\":{\"@type\":\"PropertyValueSpecification\",\"valueRequired\":true,\"valueName\":\"search_term_string\"}}],\"inLanguage\":\"en-CA\"},{\"@type\":\"Organization\",\"@id\":\"https:\\\/\\\/thequietgem.ca\\\/#organization\",\"name\":\"The Quiet Gem\",\"url\":\"https:\\\/\\\/thequietgem.ca\\\/\",\"logo\":{\"@type\":\"ImageObject\",\"inLanguage\":\"en-CA\",\"@id\":\"https:\\\/\\\/thequietgem.ca\\\/#\\\/schema\\\/logo\\\/image\\\/\",\"url\":\"https:\\\/\\\/thequietgem.ca\\\/wp-content\\\/uploads\\\/2025\\\/07\\\/cropped-JasonWebsiteLogoweb-1.jpg\",\"contentUrl\":\"https:\\\/\\\/thequietgem.ca\\\/wp-content\\\/uploads\\\/2025\\\/07\\\/cropped-JasonWebsiteLogoweb-1.jpg\",\"width\":288,\"height\":218,\"caption\":\"The Quiet Gem\"},\"image\":{\"@id\":\"https:\\\/\\\/thequietgem.ca\\\/#\\\/schema\\\/logo\\\/image\\\/\"}}]}<\/script>\n<!-- \/ Yoast SEO plugin. -->","yoast_head_json":{"title":"Refund and Return Policy\/Politique de remboursement et de retour - The Quiet Gem - Jewelry","robots":{"index":"index","follow":"follow","max-snippet":"max-snippet:-1","max-image-preview":"max-image-preview:large","max-video-preview":"max-video-preview:-1"},"canonical":"https:\/\/thequietgem.ca\/?page_id=932","og_locale":"en_US","og_type":"article","og_title":"Refund and Return Policy\/Politique de remboursement et de retour - The Quiet Gem - Jewelry","og_description":"&nbsp; ENGLISH Overview Newly Designed jewelry is returnable. All pre-loved and vintage jewelry items on our site are discounted and as such are non-returnable. Our refund and return policy lasts 30 days. If 30 days have passed since your purchase, Read more&#8230;","og_url":"https:\/\/thequietgem.ca\/?page_id=932","og_site_name":"The Quiet Gem - Jewelry","article_modified_time":"2025-10-31T19:12:19+00:00","twitter_card":"summary_large_image","twitter_misc":{"Est. reading time":"5 minutes"},"schema":{"@context":"https:\/\/schema.org","@graph":[{"@type":"WebPage","@id":"https:\/\/thequietgem.ca\/?page_id=932","url":"https:\/\/thequietgem.ca\/?page_id=932","name":"Refund and Return Policy\/Politique de remboursement et de retour - The Quiet Gem - Jewelry","isPartOf":{"@id":"https:\/\/thequietgem.ca\/#website"},"datePublished":"2025-09-03T14:46:14+00:00","dateModified":"2025-10-31T19:12:19+00:00","breadcrumb":{"@id":"https:\/\/thequietgem.ca\/?page_id=932#breadcrumb"},"inLanguage":"en-CA","potentialAction":[{"@type":"ReadAction","target":["https:\/\/thequietgem.ca\/?page_id=932"]}]},{"@type":"BreadcrumbList","@id":"https:\/\/thequietgem.ca\/?page_id=932#breadcrumb","itemListElement":[{"@type":"ListItem","position":1,"name":"Home","item":"https:\/\/thequietgem.ca\/"},{"@type":"ListItem","position":2,"name":"Refund and Return Policy\/Politique de remboursement et de retour"}]},{"@type":"WebSite","@id":"https:\/\/thequietgem.ca\/#website","url":"https:\/\/thequietgem.ca\/","name":"The Quiet Gem","description":"Vintage, used and handmade jewelry","publisher":{"@id":"https:\/\/thequietgem.ca\/#organization"},"alternateName":"Nemeste Jewelry","potentialAction":[{"@type":"SearchAction","target":{"@type":"EntryPoint","urlTemplate":"https:\/\/thequietgem.ca\/?s={search_term_string}"},"query-input":{"@type":"PropertyValueSpecification","valueRequired":true,"valueName":"search_term_string"}}],"inLanguage":"en-CA"},{"@type":"Organization","@id":"https:\/\/thequietgem.ca\/#organization","name":"The Quiet Gem","url":"https:\/\/thequietgem.ca\/","logo":{"@type":"ImageObject","inLanguage":"en-CA","@id":"https:\/\/thequietgem.ca\/#\/schema\/logo\/image\/","url":"https:\/\/thequietgem.ca\/wp-content\/uploads\/2025\/07\/cropped-JasonWebsiteLogoweb-1.jpg","contentUrl":"https:\/\/thequietgem.ca\/wp-content\/uploads\/2025\/07\/cropped-JasonWebsiteLogoweb-1.jpg","width":288,"height":218,"caption":"The Quiet Gem"},"image":{"@id":"https:\/\/thequietgem.ca\/#\/schema\/logo\/image\/"}}]}},"jetpack_sharing_enabled":true,"_links":{"self":[{"href":"https:\/\/thequietgem.ca\/index.php?rest_route=\/wp\/v2\/pages\/932","targetHints":{"allow":["GET"]}}],"collection":[{"href":"https:\/\/thequietgem.ca\/index.php?rest_route=\/wp\/v2\/pages"}],"about":[{"href":"https:\/\/thequietgem.ca\/index.php?rest_route=\/wp\/v2\/types\/page"}],"author":[{"embeddable":true,"href":"https:\/\/thequietgem.ca\/index.php?rest_route=\/wp\/v2\/users\/1"}],"replies":[{"embeddable":true,"href":"https:\/\/thequietgem.ca\/index.php?rest_route=%2Fwp%2Fv2%2Fcomments&post=932"}],"version-history":[{"count":11,"href":"https:\/\/thequietgem.ca\/index.php?rest_route=\/wp\/v2\/pages\/932\/revisions"}],"predecessor-version":[{"id":5006,"href":"https:\/\/thequietgem.ca\/index.php?rest_route=\/wp\/v2\/pages\/932\/revisions\/5006"}],"wp:attachment":[{"href":"https:\/\/thequietgem.ca\/index.php?rest_route=%2Fwp%2Fv2%2Fmedia&parent=932"}],"curies":[{"name":"wp","href":"https:\/\/api.w.org\/{rel}","templated":true}]}}